{"id":260,"date":"2020-05-06T23:32:36","date_gmt":"2020-05-06T21:32:36","guid":{"rendered":"https:\/\/www.capdouze-peinture.fr\/boutique\/?page_id=260"},"modified":"2020-05-06T23:32:36","modified_gmt":"2020-05-06T21:32:36","slug":"mentions-legales","status":"publish","type":"page","link":"https:\/\/www.capdouze-peinture.fr\/boutique\/mentions-legales\/","title":{"rendered":"Mentions l\u00e9gales"},"content":{"rendered":"\n<h2>EDITEUR DU SITE<\/h2>\n\n\n\n<p>Capdouze Peinture<br>Route de Bayonne&nbsp;<br>64400 Moumour<\/p>\n\n\n\n<h2>RESPONSABLES \u00c9DITORIAL DU SITE INTERNET<\/h2>\n\n\n\n<p>J\u00e9r\u00f4me LAPLACE, g\u00e9rant Capdouze<br><a href=\"mailto:contact@capdouze-peinture.fr\" target=\"_blank\" rel=\"noreferrer noopener\">contact@capdouze-peinture.fr<\/a><\/p>\n\n\n\n<h2>H\u00c9BERGEUR DU SITE INTERNET<\/h2>\n\n\n\n<p>OVH<br>SAS au capital de 10 069 020 \u20ac<br>RCS Lille M\u00e9tropole 424 761 419 00045<br>Code APE 2620Z<br>N\u00b0 TVA : FR 22 424 761 419<br>Si\u00e8ge social : 2 rue Kellermann &#8211; 59100 Roubaix &#8211; France<\/p>\n\n\n\n<h2><br>CONDITIONS D&#8217;UTILISATION<\/h2>\n\n\n\n<p>Le site accessible par les url suivants : www.capdouze-peinture.fr est exploit\u00e9 dans le respect de la l\u00e9gislation fran\u00e7aise. L&#8217;utilisation de ce site est r\u00e9gie par les pr\u00e9sentes conditions g\u00e9n\u00e9rales. En utilisant le site, vous reconnaissez avoir pris connaissance de ces conditions et les avoir accept\u00e9es. Celles-ci pourront \u00eatres modifi\u00e9es \u00e0 tout moment et sans pr\u00e9avis par Capdouze.&nbsp;<br>Capdouze ne saurait \u00eatre tenu pour responsable en aucune mani\u00e8re d\u2019une mauvaise utilisation du service.<\/p>\n\n\n\n<h2>LIMITATION DE RESPONSABILIT\u00c9<\/h2>\n\n\n\n<p>Les informations contenues sur ce site sont aussi pr\u00e9cises que possibles et le site est p\u00e9riodiquement remis \u00e0 jour, mais peut toutefois contenir des inexactitudes, des omissions ou des lacunes. Si vous constatez une lacune, erreur ou ce qui parait \u00eatre un dysfonctionnement, merci de bien vouloir le signaler par email en d\u00e9crivant le probl\u00e8me de la mani\u00e8re la plus pr\u00e9cise possible (page posant probl\u00e8me, action d\u00e9clenchant, type d\u2019ordinateur et de navigateur utilis\u00e9, \u2026).<\/p>\n\n\n\n<p>Tout contenu t\u00e9l\u00e9charg\u00e9 se fait aux risques et p\u00e9rils de l&#8217;utilisateur et sous sa seule responsabilit\u00e9. En cons\u00e9quence, Capdouze ne saurait \u00eatre tenu responsable d&#8217;un quelconque dommage subi par l&#8217;ordinateur de l&#8217;utilisateur ou d&#8217;une quelconque perte de donn\u00e9es cons\u00e9cutives au t\u00e9l\u00e9chargement.&nbsp;<\/p>\n\n\n\n<p>Les photos sont non contractuelles.&nbsp;<\/p>\n\n\n\n<p>Les liens hypertextes mis en place dans le cadre du pr\u00e9sent site internet en direction d&#8217;autres ressources pr\u00e9sentes sur le r\u00e9seau Internet ne sauraient engager la responsabilit\u00e9 de Capdouze.<\/p>\n\n\n\n<h2>LITIGES<\/h2>\n\n\n\n<p>Les pr\u00e9sentes conditions sont r\u00e9gies par les lois fran\u00e7aises et toute contestation ou litiges qui pourraient na\u00eetre de l&#8217;interpr\u00e9tation ou de l&#8217;ex\u00e9cution de celles-ci seront de la comp\u00e9tence exclusive des tribunaux dont d\u00e9pend le si\u00e8ge social de Capdouze. La langue de r\u00e9f\u00e9rence, pour le r\u00e8glement de contentieux \u00e9ventuels, est le fran\u00e7ais.<\/p>\n\n\n\n<h2>DROIT D&#8217;ACC\u00c8S<\/h2>\n\n\n\n<p>En application de cette loi, les internautes disposent d\u2019un droit d\u2019acc\u00e8s, de rectification, de modification et de suppression concernant les donn\u00e9es qui les concernent personnellement. Ce droit peut \u00eatre exerc\u00e9 par voie postale aupr\u00e8s de Capdouze, Route de Bayonne, 64400 Moumour ou par voie \u00e9lectronique \u00e0 l\u2019adresse suivante :&nbsp;<a href=\"mailto:contact@capdouze-peinture.fr\">contact@capdouze-peinture.fr<\/a><br>Les informations personnelles collect\u00e9es ne sont en aucun cas confi\u00e9es \u00e0 des tiers hormis pour l\u2019\u00e9ventuelle bonne ex\u00e9cution de la prestation command\u00e9e par l\u2019internaute.<\/p>\n\n\n\n<h2>CONFIDENTIALIT\u00c9<\/h2>\n\n\n\n<p>Vos donn\u00e9es personnelles sont confidentielles et ne seront en aucun cas communiqu\u00e9es \u00e0 des tiers hormis pour la bonne ex\u00e9cution de la prestation.<\/p>\n\n\n\n<h2>PROPRI\u00c9T\u00c9 INTELLECTUELLE<\/h2>\n\n\n\n<p>\u200bTout le contenu du pr\u00e9sent site, incluant, de fa\u00e7on non limitative, les graphismes, images, textes, vid\u00e9os, animations, sons, logos, gifs et ic\u00f4nes ainsi que leur mise en forme sont la propri\u00e9t\u00e9 exclusive de Capdouze \u00e0 l&#8217;exception des marques, logos ou contenus appartenant \u00e0 d&#8217;autres soci\u00e9t\u00e9s partenaires ou auteurs.&nbsp;<br>Toute reproduction, distribution, modification, adaptation, retransmission ou publication, m\u00eame partielle, de ces diff\u00e9rents \u00e9l\u00e9ments est strictement interdite sans l&#8217;accord expr\u00e8s par \u00e9crit de Capdouze. Cette repr\u00e9sentation ou reproduction, par quelque proc\u00e9d\u00e9 que ce soit, constitue une contrefa\u00e7on sanctionn\u00e9e par les articles L.3335-2 et suivants du Code de la propri\u00e9t\u00e9 intellectuelle. Le non-respect de cette interdiction constitue une contrefa\u00e7on pouvant engager la responsabilit\u00e9 civile et p\u00e9nale du contrefacteur. En outre, les propri\u00e9taires des contenus copi\u00e9s pourraient intenter une action en justice \u00e0 votre encontre.&nbsp;<\/p>\n\n\n\n<p><br>Capdouze est identiquement propri\u00e9taire des &#8220;droits des producteurs de bases de donn\u00e9es&#8221; vis\u00e9s au Livre III, Titre IV, du Code de la Propri\u00e9t\u00e9 Intellectuelle (loi n\u00b0 98-536 du 1er juillet 1998) relative aux droits d&#8217;auteur et aux bases de donn\u00e9es.<\/p>\n\n\n\n<p>Pour toute demande d&#8217;autorisation ou d&#8217;information, veuillez nous contacter par email :&nbsp;<a href=\"mailto:contact@capdouze-peinture.fr\">contact@capdouze-peinture.fr<\/a>. Des conditions sp\u00e9cifiques sont pr\u00e9vues pour la presse.<br>&nbsp;<\/p>\n\n\n\n<h2>CONDITIONS DE SERVICE<\/h2>\n\n\n\n<p>Ce site est propos\u00e9 en langages HTML5 et CSS3, pour un meilleur confort d&#8217;utilisation et un graphisme plus agr\u00e9able, nous vous recommandons de recourir \u00e0 des navigateurs modernes comme Safari, Firefox, Chrome,&#8230;<\/p>\n\n\n\n<h2>INFORMATIONS ET EXCLUSION<\/h2>\n\n\n\n<p>Capdouze met en \u0153uvre tous les moyens dont elle dispose, pour assurer une information fiable et une mise \u00e0 jour fiable de ses sites internet. Toutefois, des erreurs ou omissions peuvent survenir. L&#8217;internaute devra donc s&#8217;assurer de l&#8217;exactitude des informations aupr\u00e8s de Capdouze, et signaler toutes modifications du site qu&#8217;il jugerait utile. Capdouze n&#8217;est en aucun cas responsable de l&#8217;utilisation faite de ces informations, et de tout pr\u00e9judice direct ou indirect pouvant en d\u00e9couler.<\/p>\n\n\n\n<h2>COOKIES<\/h2>\n\n\n\n<p>Pour des besoins de statistiques et d&#8217;affichage, le pr\u00e9sent site utilise des cookies. Il s&#8217;agit de petits fichiers textes stock\u00e9s sur votre disque dur afin d&#8217;enregistrer des donn\u00e9es techniques sur votre navigation. Certaines parties de ce site ne peuvent \u00eatre fonctionnelle sans l\u2019acceptation de cookies.<\/p>\n\n\n\n<h2>LIENS HYPERTEXTES<\/h2>\n\n\n\n<p>Le site internet de Capdouze peut offrir des liens vers d\u2019autres sites internet ou d\u2019autres ressources disponibles sur Internet.<\/p>\n\n\n\n<p>Capdouze ne dispose d&#8217;aucun moyen pour contr\u00f4ler les sites en connexion avec ses sites internet. Capdouze ne r\u00e9pond pas de la disponibilit\u00e9 de tels sites et sources externes, ni ne la garantit. Elle ne peut \u00eatre tenue pour responsable de tout dommage, de quelque nature que ce soit, r\u00e9sultant du contenu de ces sites ou sources externes, et notamment des informations, produits ou services qu\u2019ils proposent, ou de tout usage qui peut \u00eatre fait de ces \u00e9l\u00e9ments. Les risques li\u00e9s \u00e0 cette utilisation incombent pleinement \u00e0 l&#8217;internaute, qui doit se conformer \u00e0 leurs conditions d&#8217;utilisation.&nbsp;<\/p>\n\n\n\n<h2>RECHERCHE<\/h2>\n\n\n\n<p>En outre, le renvoi sur un site internet pour compl\u00e9ter une information recherch\u00e9e ne signifie en aucune fa\u00e7on que Capdouze reconna\u00eet ou accepte quelque responsabilit\u00e9 quant \u00e0 la teneur ou \u00e0 l&#8217;utilisation dudit site.<\/p>\n\n\n\n<h2>CONTACTEZ-NOUS<\/h2>\n\n\n\n<p>Capdouze est \u00e0 votre disposition pour tous vos commentaires ou suggestions. Vous pouvez nous \u00e9crire en fran\u00e7ais par courrier \u00e9lectronique \u00e0&nbsp;<a href=\"mailto:contact@capdouze-peinture.fr\">contact@capdouze-peinture.fr<\/a><\/p>\n","protected":false},"excerpt":{"rendered":"<p>EDITEUR DU SITE Capdouze PeintureRoute de Bayonne&nbsp;64400 Moumour RESPONSABLES \u00c9DITORIAL DU SITE INTERNET J\u00e9r\u00f4me LAPLACE, g\u00e9rant Capdouzecontact@capdouze-peinture.fr H\u00c9BERGEUR DU SITE&hellip;<\/p>\n","protected":false},"author":2,"featured_media":0,"parent":0,"menu_order":0,"comment_status":"closed","ping_status":"closed","template":"","meta":{"spay_email":""},"_links":{"self":[{"href":"https:\/\/www.capdouze-peinture.fr\/boutique\/wp-json\/wp\/v2\/pages\/260"}],"collection":[{"href":"https:\/\/www.capdouze-peinture.fr\/boutique\/wp-json\/wp\/v2\/pages"}],"about":[{"href":"https:\/\/www.capdouze-peinture.fr\/boutique\/wp-json\/wp\/v2\/types\/page"}],"author":[{"embeddable":true,"href":"https:\/\/www.capdouze-peinture.fr\/boutique\/wp-json\/wp\/v2\/users\/2"}],"replies":[{"embeddable":true,"href":"https:\/\/www.capdouze-peinture.fr\/boutique\/wp-json\/wp\/v2\/comments?post=260"}],"version-history":[{"count":1,"href":"https:\/\/www.capdouze-peinture.fr\/boutique\/wp-json\/wp\/v2\/pages\/260\/revisions"}],"predecessor-version":[{"id":261,"href":"https:\/\/www.capdouze-peinture.fr\/boutique\/wp-json\/wp\/v2\/pages\/260\/revisions\/261"}],"wp:attachment":[{"href":"https:\/\/www.capdouze-peinture.fr\/boutique\/wp-json\/wp\/v2\/media?parent=260"}],"curies":[{"name":"wp","href":"https:\/\/api.w.org\/{rel}","templated":true}]}}