{"id":116,"date":"2020-04-13T23:33:36","date_gmt":"2020-04-13T21:33:36","guid":{"rendered":"http:\/\/www.capdouze-peinture.fr\/boutique\/?post_type=product&#038;p=116"},"modified":"2025-05-13T11:04:52","modified_gmt":"2025-05-13T09:04:52","slug":"impression-acrylique-imprimo-15l","status":"publish","type":"product","link":"https:\/\/www.capdouze-peinture.fr\/boutique\/produit\/impression-acrylique-imprimo-15l\/","title":{"rendered":"Impression acrylique IMPRIMO 15L"},"content":{"rendered":"<p>Impression acrylique, en phase aqueuse, \u00e0 s\u00e9chage rapide, int\u00e9rieure et ext\u00e9rieure, recouvrable par toutes peintures de finition acryliques ou glyc\u00e9rophtaliques.<\/p>\n<p>Convient tout particuli\u00e8rement \u00e0 l\u2019impression de supports en pl\u00e2tre, plaques de pl\u00e2tre cartonn\u00e9es en murs et plafonds int\u00e9rieurs, pi\u00e8ces s\u00e8ches ou humides, en travaux neufs ou d\u2019entretien.<\/p>\n<p>&nbsp;<\/p>\n<p><strong>Qualit\u00e9s<\/strong><\/p>\n<p>Tr\u00e8s grande facilit\u00e9 d\u2019application &#8211; Haut pouvoir opacifiant &#8211; Rapidit\u00e9 de s\u00e9chage &#8211; Excellente adh\u00e9rence<br \/>\nConsolidation des fonds &#8211; Pas d\u2019odeur de solvant &#8211; Impression isolante &#8211; Contient un agent antirouille.<\/p>\n<p>&nbsp;<\/p>\n<p><strong>Caract\u00e9ristiques<\/strong><\/p>\n<p>Rendement : 9 \u00e0 12 m\u00b2\/l soit<strong> environ 150\u00a0m\u00b2 avec 15L<\/strong>, variable selon l\u2019\u00e9tat du support, son absorption, sa nature et le mode d\u2019application<\/p>\n<p>S\u00e9chage : sec au toucher apr\u00e8s 30 min environ ; recouvrable apr\u00e8s 6 \u00e0 8 heures (par<br \/>\nune temp\u00e9rature ambiante de 20\u00b0C et une humidit\u00e9 relative de 70%).<\/p>\n<p>&nbsp;<\/p>\n<p><strong>Dilution<\/strong><\/p>\n<p>Pr\u00eat \u00e0 l\u2019emploi pour application \u00e0 la brosse ou au rouleau sur fond non absorbant. Sur fond absorbant,<br \/>\najouter 5 \u00e0 10% d\u2019eau. Pour application au pistolet, ajouter 5 \u00e0 10% d\u2019eau.<\/p>\n<p>&nbsp;<\/p>\n<p><strong>Nettoyage du mat\u00e9riel<\/strong><\/p>\n<p>A l\u2019eau imm\u00e9diatement apr\u00e8s utilisation.<\/p>\n<p>&nbsp;<\/p>\n<p>Pour plus d&#8217;informations, consultez:<\/p>\n<p><a href=\"http:\/\/www.capdouze-peinture.fr\/boutique\/wp-content\/uploads\/2020\/04\/FT-imprimo.pdf\" target=\"_blank\" rel=\"noopener noreferrer\">FICHE TECHNIQUE IMPRIMO<\/a><\/p>\n<p><a href=\"http:\/\/www.capdouze-peinture.fr\/boutique\/wp-content\/uploads\/2020\/04\/FDS-Imprimo.pdf\" target=\"_blank\" rel=\"noopener noreferrer\">FDS IMPRIMO<\/a><\/p>\n<p>&nbsp;<\/p>\n","protected":false},"excerpt":{"rendered":"<p>Impression acrylique pour placo et pl\u00e2tre<\/p>\n<p>9 \u00e0 12 m\u00b2\/ litre<\/p>\n","protected":false},"featured_media":113,"comment_status":"open","ping_status":"closed","template":"","meta":{"spay_email":""},"_links":{"self":[{"href":"https:\/\/www.capdouze-peinture.fr\/boutique\/wp-json\/wp\/v2\/product\/116"}],"collection":[{"href":"https:\/\/www.capdouze-peinture.fr\/boutique\/wp-json\/wp\/v2\/product"}],"about":[{"href":"https:\/\/www.capdouze-peinture.fr\/boutique\/wp-json\/wp\/v2\/types\/product"}],"replies":[{"embeddable":true,"href":"https:\/\/www.capdouze-peinture.fr\/boutique\/wp-json\/wp\/v2\/comments?post=116"}],"wp:featuredmedia":[{"embeddable":true,"href":"https:\/\/www.capdouze-peinture.fr\/boutique\/wp-json\/wp\/v2\/media\/113"}],"wp:attachment":[{"href":"https:\/\/www.capdouze-peinture.fr\/boutique\/wp-json\/wp\/v2\/media?parent=116"}],"curies":[{"name":"wp","href":"https:\/\/api.w.org\/{rel}","templated":true}]}}