{"id":182,"date":"2020-04-19T21:06:21","date_gmt":"2020-04-19T19:06:21","guid":{"rendered":"http:\/\/www.capdouze-peinture.fr\/boutique\/?post_type=product&#038;p=182"},"modified":"2020-11-06T17:26:43","modified_gmt":"2020-11-06T16:26:43","slug":"finition-murs-satyl-velours-blanc-15l","status":"publish","type":"product","link":"https:\/\/www.capdouze-peinture.fr\/boutique\/produit\/finition-murs-satyl-velours-blanc-15l\/","title":{"rendered":"Peinture murs SATYL velours blanc 15L"},"content":{"rendered":"<p>Peinture acrylique velout\u00e9e blanche pour murs et boiseries int\u00e9rieures<\/p>\n<p>&nbsp;<\/p>\n<p><strong>Qualit\u00e9s<\/strong><\/p>\n<p>Peinture sans odeur, permettant une r\u00e9utilisation quasi imm\u00e9diate des lieux peints.<br \/>\nTr\u00e8s grande facilit\u00e9 de mise en oeuvre.<\/p>\n<p>Film dur et r\u00e9sistant, d\u2019un entretien tr\u00e8s facile.<\/p>\n<p>Non jaunissante. S\u00e9chage rapide.<br \/>\nExcellent pouvoir opacifiant. Aspect satin\u00e9 velours, durable dans le temps.<\/p>\n<p><strong>Caract\u00e9ristiques<\/strong><\/p>\n<p>Rendement : 8 \u00e0 12 m\u00b2\/l, soit <strong>environ 150m\u00b2 avec un pot de 15L<\/strong>,\u00a0 selon porosit\u00e9 et \u00e9tat du fond.<\/p>\n<p>S\u00e9chage : sec au toucher en 1 \u00e0 2 heures ; recouvrable apr\u00e8s 6 heures (dans conditions climatiques normales).<\/p>\n<p><strong>Application<\/strong><\/p>\n<p>A la brosse, au rouleau ou par projection, sur des fonds pr\u00e9par\u00e9s (voir ci-dessous), nous vous recommandons d&#8217;appliquer 2 couches pour un meilleur r\u00e9sultat.<\/p>\n<p><strong>Recommandations<\/strong><\/p>\n<p>Avant la mise en oeuvre de SATYL VELOURS, s\u2019assurer que le support est sain, sec, propre et parfaitement adh\u00e9rent.<br \/>\n\u2013 Imprimer les pl\u00e2tres neufs avec IMPRIMAT ou IMPRIMO.<br \/>\n\u2013 Traiter les m\u00e9taux ferreux avec ANTICO PH apr\u00e8s les pr\u00e9parations d\u2019usage.<\/p>\n<p><strong>Dilution<\/strong><\/p>\n<p>SATYL VELOURS est pr\u00eat \u00e0 l\u2019emploi.<br \/>\nEn cas d\u2019application sur des supports tr\u00e8s absorbants, ajouter de 3 \u00e0 5% d\u2019eau.<\/p>\n<p><strong>Nettoyage du mat\u00e9riel<\/strong><\/p>\n<p>A l\u2019eau, imm\u00e9diatement apr\u00e8s utilisation.<\/p>\n<p>&nbsp;<\/p>\n<p><em>SATYL VELOURS craint le gel. <\/em><\/p>\n<p><em>\u00c9viter les applications par une temp\u00e9rature inf\u00e9rieure \u00e0 +5\u00b0C ou sup\u00e9rieure \u00e0 +35\u00b0C.<\/em><\/p>\n<p>&nbsp;<\/p>\n<p>Pour plus d&#8217;informations, consultez<\/p>\n<p><a href=\"http:\/\/www.capdouze-peinture.fr\/boutique\/wp-content\/uploads\/2020\/04\/SATYL-VELOURS.pdf\">FICHE TECHNIQUE<\/a><\/p>\n<p><a href=\"http:\/\/www.capdouze-peinture.fr\/boutique\/wp-content\/uploads\/2020\/04\/FDS-SATYL.pdf\">FDS<\/a><\/p>\n","protected":false},"excerpt":{"rendered":"<p>Peinture acrylique velout\u00e9e, lavable, pour murs<\/p>\n<p>8 \u00e0 12 m\u00b2\/litre suivant type et \u00e9tat du support<\/p>\n","protected":false},"featured_media":173,"comment_status":"open","ping_status":"closed","template":"","meta":{"spay_email":""},"_links":{"self":[{"href":"https:\/\/www.capdouze-peinture.fr\/boutique\/wp-json\/wp\/v2\/product\/182"}],"collection":[{"href":"https:\/\/www.capdouze-peinture.fr\/boutique\/wp-json\/wp\/v2\/product"}],"about":[{"href":"https:\/\/www.capdouze-peinture.fr\/boutique\/wp-json\/wp\/v2\/types\/product"}],"replies":[{"embeddable":true,"href":"https:\/\/www.capdouze-peinture.fr\/boutique\/wp-json\/wp\/v2\/comments?post=182"}],"wp:featuredmedia":[{"embeddable":true,"href":"https:\/\/www.capdouze-peinture.fr\/boutique\/wp-json\/wp\/v2\/media\/173"}],"wp:attachment":[{"href":"https:\/\/www.capdouze-peinture.fr\/boutique\/wp-json\/wp\/v2\/media?parent=182"}],"curies":[{"name":"wp","href":"https:\/\/api.w.org\/{rel}","templated":true}]}}