{"id":187,"date":"2020-04-27T23:18:20","date_gmt":"2020-04-27T21:18:20","guid":{"rendered":"http:\/\/www.capdouze-peinture.fr\/boutique\/?post_type=product&#038;p=187"},"modified":"2023-05-28T18:44:06","modified_gmt":"2023-05-28T16:44:06","slug":"impression-solvantee-imprimat-2-5l","status":"publish","type":"product","link":"https:\/\/www.capdouze-peinture.fr\/boutique\/produit\/impression-solvantee-imprimat-2-5l\/","title":{"rendered":"Impression solvant\u00e9e IMPRIMAT 2.5L"},"content":{"rendered":"<p><strong>Qualit\u00e9s<\/strong><\/p>\n<ul>\n<li>IMPRIMAT est une impression convenant \u00e0 tous les supports traditionnels<\/li>\n<li>Peinture isolante et nourrissante<\/li>\n<li>Diminution de la porosit\u00e9 des supports absorbants<\/li>\n<li>Renforcement des fonds friables<\/li>\n<li>Tr\u00e8s bonne opacit\u00e9<\/li>\n<li>Film dur, r\u00e9sistant et microporeux<\/li>\n<li>Parfaite adh\u00e9rence \u00e0 l\u2019int\u00e9rieur et ext\u00e9rieur, sur enduit ciment, b\u00e9ton, pl\u00e2tre, chaux, plaques de pl\u00e2tre, b\u00e9ton cellulaire, bois, pierre ou brique.<\/li>\n<\/ul>\n<p>&nbsp;<\/p>\n<p><strong>Caract\u00e9ristiques<\/strong><\/p>\n<p>Rendement : 8 \u00e0 12 m\u00b2 \/ litre selon absorption du fond.<\/p>\n<p>S\u00e9chage : sec en 3 heures, recouvrable apr\u00e8s 24 heures dans conditions climatiques normales.<\/p>\n<p>&nbsp;<\/p>\n<p><strong>Pr\u00e9paration des supports<\/strong><\/p>\n<p>Les fonds doivent \u00eatre propres, secs, sains et parfaitement adh\u00e9rents.<br \/>\nFonds neufs : application directe apr\u00e8s brossage, \u00e9grenage ou pon\u00e7age, si n\u00e9cessaire.<br \/>\nFonds anciens non peints : \u00e9grenage puis brossage ou lessivage.<br \/>\nFonds anciens peints : lessivage et \u00e9ventuellement d\u00e9capage des peintures farinantes, \u00e9caill\u00e9es ou peu adh\u00e9rentes.<\/p>\n<p>&nbsp;<\/p>\n<p><strong>Application<\/strong><\/p>\n<p>Au rouleau, \u00e0 la brosse ou au pistolet.<\/p>\n<p>Dilution de 7 \u00e0 15% de White Spirit selon la porosit\u00e9 du fond.<\/p>\n<p>Ne pas appliquer sur supports humides ou gel\u00e9s<\/p>\n<p>&nbsp;<\/p>\n<p><strong>Nettoyage du mat\u00e9riel<\/strong><\/p>\n<p>Au White Spirit, imm\u00e9diatement apr\u00e8s utilisation.<\/p>\n<p>&nbsp;<\/p>\n<p>Pour plus d&#8217;informations, consultez:<\/p>\n<p><a href=\"http:\/\/www.capdouze-peinture.fr\/boutique\/wp-content\/uploads\/2020\/04\/FT-IMPRIMAT.pdf\" target=\"_blank\" rel=\"noopener noreferrer\">FICHE TECHNIQUE<\/a><\/p>\n<p><a href=\"http:\/\/www.capdouze-peinture.fr\/boutique\/wp-content\/uploads\/2020\/04\/FDS-imprimat.pdf\" target=\"_blank\" rel=\"noopener noreferrer\">FDS<\/a><\/p>\n","protected":false},"excerpt":{"rendered":"<p>Peinture d\u2019impression universelle fixante et p\u00e9n\u00e9trante, diluable au white spirit<\/p>\n<p>Microporeuse, \u00e0 base de r\u00e9sine polyur\u00e9thane<\/p>\n<p>8 \u00e0 12 m\u00b2 \/ litre selon absorption du fond<\/p>\n","protected":false},"featured_media":159,"comment_status":"open","ping_status":"closed","template":"","meta":{"spay_email":""},"_links":{"self":[{"href":"https:\/\/www.capdouze-peinture.fr\/boutique\/wp-json\/wp\/v2\/product\/187"}],"collection":[{"href":"https:\/\/www.capdouze-peinture.fr\/boutique\/wp-json\/wp\/v2\/product"}],"about":[{"href":"https:\/\/www.capdouze-peinture.fr\/boutique\/wp-json\/wp\/v2\/types\/product"}],"replies":[{"embeddable":true,"href":"https:\/\/www.capdouze-peinture.fr\/boutique\/wp-json\/wp\/v2\/comments?post=187"}],"wp:featuredmedia":[{"embeddable":true,"href":"https:\/\/www.capdouze-peinture.fr\/boutique\/wp-json\/wp\/v2\/media\/159"}],"wp:attachment":[{"href":"https:\/\/www.capdouze-peinture.fr\/boutique\/wp-json\/wp\/v2\/media?parent=187"}],"curies":[{"name":"wp","href":"https:\/\/api.w.org\/{rel}","templated":true}]}}