{"id":195,"date":"2020-04-26T17:14:40","date_gmt":"2020-04-26T15:14:40","guid":{"rendered":"http:\/\/www.capdouze-peinture.fr\/boutique\/?post_type=product&#038;p=195"},"modified":"2023-05-28T11:18:29","modified_gmt":"2023-05-28T09:18:29","slug":"peinture-facade-mate-blanche-hydroxane-15l","status":"publish","type":"product","link":"https:\/\/www.capdouze-peinture.fr\/boutique\/produit\/peinture-facade-mate-blanche-hydroxane-15l\/","title":{"rendered":"Peinture fa\u00e7ade mate blanche HYDROXANE 15L"},"content":{"rendered":"<p>Peinture de ravalement applicable sur tout support neuf ou ancien en b\u00e9ton, enduit ciment, enduit monocouche, pierre, brique\u2026<\/p>\n<p>&nbsp;<\/p>\n<p><strong>Qualit\u00e9s<\/strong><\/p>\n<p>Les caract\u00e9ristiques sp\u00e9cifiques des r\u00e9sines siloxanes apportent de nombreux avantages \u00e0 une peinture classique, tels que :<\/p>\n<ul>\n<li>un aspect mat traditionnel<\/li>\n<li>une meilleure r\u00e9sistance \u00e0 la salissure<\/li>\n<li>une grande perm\u00e9abilit\u00e9 \u00e0 la vapeur d\u2019eau<\/li>\n<li>un film hydrophobe<\/li>\n<li>une grande r\u00e9sistance aux intemp\u00e9ries et aux rayons ultra-violets<\/li>\n<li>un effet perlant<\/li>\n<li>une adh\u00e9rence accrue, sans risque de cloquage.<\/li>\n<\/ul>\n<p>&nbsp;<\/p>\n<p><strong>Caract\u00e9ristiques<\/strong><\/p>\n<p>Rendement : 9 \u00e0 11 m2 \/ litre par couche, <strong>soit environ 150m\u00b2 avec 15L<\/strong>, sur support lisse et non poreux.<br \/>\nS\u00e9chage : sec en surface apr\u00e8s 2 \u00e0 3 heures ; recouvrable apr\u00e8s 6 \u00e0 8 heures ; dur en 24<br \/>\nheures (dans des conditions climatiques normales).<\/p>\n<p>&nbsp;<\/p>\n<p><strong>Application<\/strong><\/p>\n<p>Brosse, rouleau ou pistolet. Application en deux couches sur support neuf.<\/p>\n<p>En une ou deux couches pour des travaux d\u2019entretien ou de r\u00e9novation.<\/p>\n<p>&nbsp;<\/p>\n<p><strong>Pr\u00e9paration des supports<\/strong><\/p>\n<p>S\u2019assurer que le support est propre, sain, sec et parfaitement adh\u00e9rent.<br \/>\nSupport neuf : brossage si besoin et dilution de la premi\u00e8re couche entre 5 et 10%. Sur support tr\u00e8s absorbant, imprimer au pr\u00e9alable.<br \/>\nSupport ancien : v\u00e9rifier l\u2019adh\u00e9rence de l\u2019ancienne peinture ou rev\u00eatement et sa compatibilit\u00e9 avec HYDROXANE. Si besoin, d\u00e9capage et traitement anti-cryptogamique.<\/p>\n<p>&nbsp;<\/p>\n<p><strong>Dilution<\/strong><\/p>\n<p>En premi\u00e8re couche : ajouter 5 \u00e0 10% d\u2019eau, suivant l\u2019absorption du support.<br \/>\nEn deuxi\u00e8me couche : 0 \u00e0 5% d\u2019eau.<\/p>\n<p>&nbsp;<\/p>\n<p><strong>Nettoyage du mat\u00e9riel<\/strong><\/p>\n<p>A l\u2019eau, imm\u00e9diatement apr\u00e8s utilisation.<\/p>\n<p>&nbsp;<\/p>\n<p><strong>Recommandations<\/strong><\/p>\n<p>Temp\u00e9rature de mise en oeuvre : entre +5\u00b0C et +35\u00b0C.<\/p>\n<p>Ne pas appliquer par temps de pluie ou mena\u00e7ant.<br \/>\nLes m\u00e9taux ferreux seront pr\u00e9alablement rev\u00eatus d\u2019une couche de peinture antirouille. Imprimer les m\u00e9taux non ferreux avec CHABOPRIMER.<\/p>\n<p>&nbsp;<\/p>\n<p>Pour plus d&#8217;informations, consultez<\/p>\n<p><a href=\"http:\/\/www.capdouze-peinture.fr\/boutique\/wp-content\/uploads\/2020\/04\/FT-hydroxane-1.pdf\" target=\"_blank\" rel=\"noopener noreferrer\">FICHE TECHNIQUE HYDROXANE<\/a><\/p>\n<p><a href=\"http:\/\/www.capdouze-peinture.fr\/boutique\/wp-content\/uploads\/2020\/04\/FDS-hydroxane.pdf\" target=\"_blank\" rel=\"noopener noreferrer\">FDS HYDROXANE<\/a><\/p>\n","protected":false},"excerpt":{"rendered":"<p>Peinture mate \u00e0 base de r\u00e9sine siloxane<\/p>\n<p>Pr\u00eate \u00e0 l\u2019emploi<\/p>\n<p>9 \u00e0 11 m\u00b2 \/ litre par couche, sur support lisse et non poreux<\/p>\n","protected":false},"featured_media":194,"comment_status":"open","ping_status":"closed","template":"","meta":{"spay_email":""},"_links":{"self":[{"href":"https:\/\/www.capdouze-peinture.fr\/boutique\/wp-json\/wp\/v2\/product\/195"}],"collection":[{"href":"https:\/\/www.capdouze-peinture.fr\/boutique\/wp-json\/wp\/v2\/product"}],"about":[{"href":"https:\/\/www.capdouze-peinture.fr\/boutique\/wp-json\/wp\/v2\/types\/product"}],"replies":[{"embeddable":true,"href":"https:\/\/www.capdouze-peinture.fr\/boutique\/wp-json\/wp\/v2\/comments?post=195"}],"wp:featuredmedia":[{"embeddable":true,"href":"https:\/\/www.capdouze-peinture.fr\/boutique\/wp-json\/wp\/v2\/media\/194"}],"wp:attachment":[{"href":"https:\/\/www.capdouze-peinture.fr\/boutique\/wp-json\/wp\/v2\/media?parent=195"}],"curies":[{"name":"wp","href":"https:\/\/api.w.org\/{rel}","templated":true}]}}