{"id":78,"date":"2020-04-12T21:23:21","date_gmt":"2020-04-12T19:23:21","guid":{"rendered":"http:\/\/www.capdouze-peinture.fr\/boutique\/?post_type=product&#038;p=78"},"modified":"2023-07-08T05:29:31","modified_gmt":"2023-07-08T03:29:31","slug":"peinture-plafond-mat-st-3l","status":"publish","type":"product","link":"https:\/\/www.capdouze-peinture.fr\/boutique\/produit\/peinture-plafond-mat-st-3l\/","title":{"rendered":"Peinture plafond MAT ST 3L"},"content":{"rendered":"<p>Peinture int\u00e9rieure acrylique mate, sans tension, isolante, \u00e0 base de r\u00e9sine v\u00e9g\u00e9tales modifi\u00e9es<\/p>\n<p>&nbsp;<\/p>\n<ul>\n<li><strong>Qualit\u00e9s<\/strong><\/li>\n<\/ul>\n<p>Peinture sans tension de surface, \u00e0 faible p\u00e9n\u00e9tration sur fonds poreux, permettant une application directe sur badigeons ou anciennes peintures adh\u00e9rentes. D\u2019une extr\u00eame blancheur et d\u2019un mat absolu. Tr\u00e8s grande facilit\u00e9 et rapidit\u00e9 de mise en oeuvre. Haut pouvoir opacifiant, m\u00eame sur supports tach\u00e9s par du noir de fum\u00e9e ou de traces d\u2019humidit\u00e9. Excellente adh\u00e9rence. Aucune odeur.<\/p>\n<p>&nbsp;<\/p>\n<ul>\n<li><strong>Caract\u00e9ristiques<\/strong><\/li>\n<\/ul>\n<p>Rendement : 8 \u00e0 12 m\u00b2\/l soit <strong>24 \u00e0 36m\u00b2 avec 3L<\/strong>, variable selon la nature et la porosit\u00e9 du support<\/p>\n<p>S\u00e9chage : sec au toucher apr\u00e8s 2 \u00e0 3 heures ; recouvrable frais dans frais ou apr\u00e8s 24 heures (dans des conditions climatiques normales).<\/p>\n<p>&nbsp;<\/p>\n<ul>\n<li><strong>Dilution<\/strong><\/li>\n<\/ul>\n<p>Peinture pr\u00eate \u00e0 l\u2019emploi pour l\u2019application \u00e0 la brosse ou au rouleau.<\/p>\n<p>Sur fonds absorbants, ajouter 3 \u00e0\u00a05% d\u2019eau.<\/p>\n<p>&nbsp;<\/p>\n<ul>\n<li><strong>Nettoyage du mat\u00e9riel<\/strong><\/li>\n<\/ul>\n<p>A l\u2019eau imm\u00e9diatement apr\u00e8s utilisation.<\/p>\n<p>&nbsp;<\/p>\n<p>Pour plus d&#8217;informations, consultez<\/p>\n<p><a href=\"http:\/\/www.capdouze-peinture.fr\/boutique\/wp-content\/uploads\/2020\/04\/FT-MAT-ST.pdf\" target=\"_blank\" rel=\"noopener noreferrer\">FICHE TECHNIQUE MAT ST<\/a><\/p>\n<p><a href=\"http:\/\/www.capdouze-peinture.fr\/boutique\/wp-content\/uploads\/2020\/04\/FDS-Mat-ST.pdf\" target=\"_blank\" rel=\"noopener noreferrer\">FDS MAT ST<\/a><\/p>\n","protected":false},"excerpt":{"rendered":"<p>Une peinture pour plafonds neuf ou anciens (en bon \u00e9tat).<\/p>\n<p>Nettoyage du mat\u00e9riel \u00e0 l&#8217;eau<\/p>\n<p>8 \u00e0 12 m\u00b2 \/ l<\/p>\n","protected":false},"featured_media":79,"comment_status":"open","ping_status":"closed","template":"","meta":{"spay_email":""},"_links":{"self":[{"href":"https:\/\/www.capdouze-peinture.fr\/boutique\/wp-json\/wp\/v2\/product\/78"}],"collection":[{"href":"https:\/\/www.capdouze-peinture.fr\/boutique\/wp-json\/wp\/v2\/product"}],"about":[{"href":"https:\/\/www.capdouze-peinture.fr\/boutique\/wp-json\/wp\/v2\/types\/product"}],"replies":[{"embeddable":true,"href":"https:\/\/www.capdouze-peinture.fr\/boutique\/wp-json\/wp\/v2\/comments?post=78"}],"wp:featuredmedia":[{"embeddable":true,"href":"https:\/\/www.capdouze-peinture.fr\/boutique\/wp-json\/wp\/v2\/media\/79"}],"wp:attachment":[{"href":"https:\/\/www.capdouze-peinture.fr\/boutique\/wp-json\/wp\/v2\/media?parent=78"}],"curies":[{"name":"wp","href":"https:\/\/api.w.org\/{rel}","templated":true}]}}